{"id":24509,"date":"2024-05-15T17:29:50","date_gmt":"2024-05-15T15:29:50","guid":{"rendered":"https:\/\/test204.ciancoders.com\/?page_id=24509"},"modified":"2025-07-04T12:19:50","modified_gmt":"2025-07-04T18:19:50","slug":"consultoria","status":"publish","type":"page","link":"https:\/\/amchamguate.com\/en\/consultoria\/","title":{"rendered":"Consulting"},"content":{"rendered":"<div data-elementor-type=\"wp-page\" data-elementor-id=\"24509\" class=\"elementor elementor-24509\" data-elementor-post-type=\"page\">\n\t\t\t\t<div class=\"elementor-element elementor-element-2348af9 e-flex e-con-boxed wpr-particle-no wpr-jarallax-no wpr-parallax-no wpr-sticky-section-no e-con e-parent\" data-id=\"2348af9\" data-element_type=\"container\" data-settings=\"{&quot;background_background&quot;:&quot;classic&quot;,&quot;ekit_has_onepagescroll_dot&quot;:&quot;yes&quot;}\">\n\t\t\t\t\t<div class=\"e-con-inner\">\n\t\t<div class=\"elementor-element elementor-element-4c0aa90 e-flex e-con-boxed wpr-particle-no wpr-jarallax-no wpr-parallax-no wpr-sticky-section-no e-con e-child\" data-id=\"4c0aa90\" data-element_type=\"container\" data-settings=\"{&quot;ekit_has_onepagescroll_dot&quot;:&quot;yes&quot;}\">\n\t\t\t\t\t<div class=\"e-con-inner\">\n\t\t\t\t<div class=\"elementor-element elementor-element-2098c61 elementor-widget elementor-widget-heading\" data-id=\"2098c61\" data-element_type=\"widget\" data-settings=\"{&quot;ekit_we_effect_on&quot;:&quot;none&quot;}\" data-widget_type=\"heading.default\">\n\t\t\t\t<div class=\"elementor-widget-container\">\n\t\t\t\t\t<h1 class=\"elementor-heading-title elementor-size-default\">Consultor\u00eda sobre internalizaci\u00f3n\nde empresa en USA<\/h1>\t\t\t\t<\/div>\n\t\t\t\t<\/div>\n\t\t\t\t\t<\/div>\n\t\t\t\t<\/div>\n\t\t<div class=\"elementor-element elementor-element-cf6ef68 e-flex e-con-boxed wpr-particle-no wpr-jarallax-no wpr-parallax-no wpr-sticky-section-no e-con e-child\" data-id=\"cf6ef68\" data-element_type=\"container\" data-settings=\"{&quot;ekit_has_onepagescroll_dot&quot;:&quot;yes&quot;}\">\n\t\t\t\t\t<div class=\"e-con-inner\">\n\t\t<div class=\"elementor-element elementor-element-bd8b291 border-card e-flex e-con-boxed wpr-particle-no wpr-jarallax-no wpr-parallax-no wpr-sticky-section-no e-con e-child\" data-id=\"bd8b291\" data-element_type=\"container\" data-settings=\"{&quot;background_background&quot;:&quot;classic&quot;,&quot;ekit_has_onepagescroll_dot&quot;:&quot;yes&quot;}\">\n\t\t\t\t\t<div class=\"e-con-inner\">\n\t\t\t\t<div class=\"elementor-element elementor-element-fcb30ca elementor-widget elementor-widget-text-editor\" data-id=\"fcb30ca\" data-element_type=\"widget\" data-settings=\"{&quot;ekit_we_effect_on&quot;:&quot;none&quot;}\" data-widget_type=\"text-editor.default\">\n\t\t\t\t<div class=\"elementor-widget-container\">\n\t\t\t\t\t\t\t\t\t<p>AmCham Guatemala, en convenio con la firma consultora Export Americas Corp. de Estados Unidos, ofrece a los empresarios el servicio \u00abConsultor\u00eda sobre Internacionalizaci\u00f3n de Empresas en E.E.U.U.\u00bb a trav\u00e9s de citas v\u00eda web (Skype).<br \/>El servicio tiene como objetivo aclarar y asesorar en el correcto y seguro desarrollo de su proyecto de negocios de importaci\u00f3n, exportaci\u00f3n, inversi\u00f3n, entre otros, con Estados Unidos.<br \/>Durante la sesi\u00f3n v\u00eda Skype, usted podr\u00e1 realizar preguntas sobre temas como:<br \/><br \/>Negocios de importaci\u00f3n o exportaci\u00f3n<br \/>Creaci\u00f3n de empresas en Estados Unidos.<br \/>Inversi\u00f3n de compra de negocios en E.E.U.U.<br \/>Requisitos de acceso de productos exportados a USA (FDA, aduanas, FTC, USDA, etc.<\/p>\t\t\t\t\t\t\t\t<\/div>\n\t\t\t\t<\/div>\n\t\t\t\t\t<\/div>\n\t\t\t\t<\/div>\n\t\t\t\t\t<\/div>\n\t\t\t\t<\/div>\n\t\t\t\t\t<\/div>\n\t\t\t\t<\/div>\n\t\t<div class=\"elementor-element elementor-element-ed0e0c4 e-flex e-con-boxed wpr-particle-no wpr-jarallax-no wpr-parallax-no wpr-sticky-section-no e-con e-parent\" data-id=\"ed0e0c4\" data-element_type=\"container\" data-settings=\"{&quot;ekit_has_onepagescroll_dot&quot;:&quot;yes&quot;}\">\n\t\t\t\t\t<div class=\"e-con-inner\">\n\t\t<div class=\"elementor-element elementor-element-6ff2274 e-flex e-con-boxed wpr-particle-no wpr-jarallax-no wpr-parallax-no wpr-sticky-section-no e-con e-child\" data-id=\"6ff2274\" data-element_type=\"container\" data-settings=\"{&quot;ekit_has_onepagescroll_dot&quot;:&quot;yes&quot;}\">\n\t\t\t\t\t<div class=\"e-con-inner\">\n\t\t\t\t<div class=\"elementor-element elementor-element-5f7523c elementor-widget elementor-widget-heading\" data-id=\"5f7523c\" data-element_type=\"widget\" data-settings=\"{&quot;ekit_we_effect_on&quot;:&quot;none&quot;}\" data-widget_type=\"heading.default\">\n\t\t\t\t<div class=\"elementor-widget-container\">\n\t\t\t\t\t<h2 class=\"elementor-heading-title elementor-size-default\">Solicitar entrevista<\/h2>\t\t\t\t<\/div>\n\t\t\t\t<\/div>\n\t\t\t\t\t<\/div>\n\t\t\t\t<\/div>\n\t\t<div class=\"elementor-element elementor-element-686bde8 e-flex e-con-boxed wpr-particle-no wpr-jarallax-no wpr-parallax-no wpr-sticky-section-no e-con e-child\" data-id=\"686bde8\" data-element_type=\"container\" data-settings=\"{&quot;ekit_has_onepagescroll_dot&quot;:&quot;yes&quot;}\">\n\t\t\t\t\t<div class=\"e-con-inner\">\n\t\t\t\t<div class=\"elementor-element elementor-element-dcd54e3 elementor-widget elementor-widget-heading\" data-id=\"dcd54e3\" data-element_type=\"widget\" data-settings=\"{&quot;ekit_we_effect_on&quot;:&quot;none&quot;}\" data-widget_type=\"heading.default\">\n\t\t\t\t<div class=\"elementor-widget-container\">\n\t\t\t\t\t<p class=\"elementor-heading-title elementor-size-default\">Para solicitar la entrevista, solamente necesita completar el formulario que se presenta a continuaci\u00f3n y para que el Trade Center de AmCham programe una fecha y hora en la realizaci\u00f3n de la cita virtual.<\/p>\t\t\t\t<\/div>\n\t\t\t\t<\/div>\n\t\t\t\t<div class=\"elementor-element elementor-element-87ac38d elementor-widget elementor-widget-heading\" data-id=\"87ac38d\" data-element_type=\"widget\" data-settings=\"{&quot;ekit_we_effect_on&quot;:&quot;none&quot;}\" data-widget_type=\"heading.default\">\n\t\t\t\t<div class=\"elementor-widget-container\">\n\t\t\t\t\t<p class=\"elementor-heading-title elementor-size-default\">Inversi\u00f3n:\u00a0US$100.00 (primera entrevista) NOTA:\u00a0El pago deber\u00e1 realizarse al recibir la confirmaci\u00f3n de fecha y hora de realizaci\u00f3n de la cita virtual.<\/p>\t\t\t\t<\/div>\n\t\t\t\t<\/div>\n\t\t\t\t<div class=\"elementor-element elementor-element-f62f7a9 elementor-align-center elementor-widget elementor-widget-button\" data-id=\"f62f7a9\" data-element_type=\"widget\" data-settings=\"{&quot;ekit_we_effect_on&quot;:&quot;none&quot;}\" data-widget_type=\"button.default\">\n\t\t\t\t<div class=\"elementor-widget-container\">\n\t\t\t\t\t\t\t\t\t<div class=\"elementor-button-wrapper\">\n\t\t\t\t\t<a class=\"elementor-button elementor-button-link elementor-size-sm\" href=\"\/en\/contacto\/\">\n\t\t\t\t\t\t<span class=\"elementor-button-content-wrapper\">\n\t\t\t\t\t\t<span class=\"elementor-button-icon\">\n\t\t\t\t<i aria-hidden=\"true\" class=\"fas fa-chevron-right\"><\/i>\t\t\t<\/span>\n\t\t\t\t\t\t\t\t\t<span class=\"elementor-button-text\">Haz clic aqu\u00ed<\/span>\n\t\t\t\t\t<\/span>\n\t\t\t\t\t<\/a>\n\t\t\t\t<\/div>\n\t\t\t\t\t\t\t\t<\/div>\n\t\t\t\t<\/div>\n\t\t\t\t\t<\/div>\n\t\t\t\t<\/div>\n\t\t\t\t\t<\/div>\n\t\t\t\t<\/div>\n\t\t\t\t<\/div>","protected":false},"excerpt":{"rendered":"<p>Consultor\u00eda sobre internalizaci\u00f3n de empresa en USA AmCham Guatemala, en convenio con la firma consultora Export Americas Corp. de Estados Unidos, ofrece a los empresarios el servicio \u00abConsultor\u00eda sobre Internacionalizaci\u00f3n de Empresas en E.E.U.U.\u00bb a trav\u00e9s de citas v\u00eda web (Skype).El servicio tiene como objetivo aclarar y asesorar en el correcto y seguro desarrollo de su proyecto de negocios de importaci\u00f3n, exportaci\u00f3n, inversi\u00f3n, entre otros, con Estados Unidos.Durante la sesi\u00f3n v\u00eda Skype, usted podr\u00e1 realizar preguntas sobre temas como: Negocios de importaci\u00f3n o exportaci\u00f3nCreaci\u00f3n de empresas en Estados Unidos.Inversi\u00f3n de compra de negocios en E.E.U.U.Requisitos de acceso de productos exportados a USA (FDA, aduanas, FTC, USDA, etc. Solicitar entrevista Para solicitar la entrevista, solamente necesita completar el formulario que se presenta a continuaci\u00f3n y para que el Trade Center de AmCham programe una fecha y hora en la realizaci\u00f3n de la cita virtual. Inversi\u00f3n:\u00a0US$100.00 (primera entrevista) NOTA:\u00a0El pago deber\u00e1 realizarse al recibir la confirmaci\u00f3n de fecha y hora de realizaci\u00f3n de la cita virtual. Haz clic aqu\u00ed<\/p>","protected":false},"author":1,"featured_media":0,"parent":0,"menu_order":0,"comment_status":"closed","ping_status":"closed","template":"","meta":{"_acf_changed":false,"pmpro_default_level":"","footnotes":""},"class_list":["post-24509","page","type-page","status-publish","hentry","pmpro-has-access"],"acf":[],"_links":{"self":[{"href":"https:\/\/amchamguate.com\/en\/wp-json\/wp\/v2\/pages\/24509","targetHints":{"allow":["GET"]}}],"collection":[{"href":"https:\/\/amchamguate.com\/en\/wp-json\/wp\/v2\/pages"}],"about":[{"href":"https:\/\/amchamguate.com\/en\/wp-json\/wp\/v2\/types\/page"}],"author":[{"embeddable":true,"href":"https:\/\/amchamguate.com\/en\/wp-json\/wp\/v2\/users\/1"}],"replies":[{"embeddable":true,"href":"https:\/\/amchamguate.com\/en\/wp-json\/wp\/v2\/comments?post=24509"}],"version-history":[{"count":22,"href":"https:\/\/amchamguate.com\/en\/wp-json\/wp\/v2\/pages\/24509\/revisions"}],"predecessor-version":[{"id":27587,"href":"https:\/\/amchamguate.com\/en\/wp-json\/wp\/v2\/pages\/24509\/revisions\/27587"}],"wp:attachment":[{"href":"https:\/\/amchamguate.com\/en\/wp-json\/wp\/v2\/media?parent=24509"}],"curies":[{"name":"wp","href":"https:\/\/api.w.org\/{rel}","templated":true}]}}