{"id":24515,"date":"2024-05-15T19:11:41","date_gmt":"2024-05-15T17:11:41","guid":{"rendered":"https:\/\/test204.ciancoders.com\/?page_id=24515"},"modified":"2025-07-21T14:09:02","modified_gmt":"2025-07-21T20:09:02","slug":"facilitacion-de-visas","status":"publish","type":"page","link":"https:\/\/amchamguate.com\/en\/facilitacion-de-visas\/","title":{"rendered":"Visas"},"content":{"rendered":"<p><img fetchpriority=\"high\" decoding=\"async\" src=\"https:\/\/test204.ciancoders.com\/wp-content\/uploads\/2024\/05\/Rectangle-1134-scaled.jpg\" sizes=\"(max-width: 2560px) 100vw, 2560px\" srcset=\"https:\/\/test204.ciancoders.com\/wp-content\/uploads\/2024\/05\/Rectangle-1134-scaled.jpg 2560w, https:\/\/test204.ciancoders.com\/wp-content\/uploads\/2024\/05\/Rectangle-1134-300x93.jpg 300w, https:\/\/test204.ciancoders.com\/wp-content\/uploads\/2024\/05\/Rectangle-1134-1024x316.jpg 1024w, https:\/\/test204.ciancoders.com\/wp-content\/uploads\/2024\/05\/Rectangle-1134-768x237.jpg 768w, https:\/\/test204.ciancoders.com\/wp-content\/uploads\/2024\/05\/Rectangle-1134-1536x474.jpg 1536w, https:\/\/test204.ciancoders.com\/wp-content\/uploads\/2024\/05\/Rectangle-1134-2048x632.jpg 2048w, https:\/\/test204.ciancoders.com\/wp-content\/uploads\/2024\/05\/Rectangle-1134-18x6.jpg 18w, https:\/\/test204.ciancoders.com\/wp-content\/uploads\/2024\/05\/Rectangle-1134-1920x593.jpg 1920w, https:\/\/test204.ciancoders.com\/wp-content\/uploads\/2024\/05\/Rectangle-1134-710x219.jpg 710w, https:\/\/test204.ciancoders.com\/wp-content\/uploads\/2024\/05\/Rectangle-1134-600x185.jpg 600w\" alt=\"\" width=\"2560\" height=\"790\" data-__hover-bound=\"true\" \/><\/p>\n<p>A partir de abril, debido a nuevas pol\u00edticas de seguridad y protecci\u00f3n de datos implementadas por el Consulado de la Embajada de los Estados Unidos, el servicio que brindamos desde AmCham ha evolucionado hacia una Asesor\u00eda Personalizada en la Tramitaci\u00f3n de Visas Comerciales, que incluye:<\/p>\n<ul>\n<li>Informaci\u00f3n actualizada y enlaces directos a recursos oficiales.<\/li>\n<li>Gu\u00eda detallada en la preparaci\u00f3n de documentos (sin llenado de formularios).<\/li>\n<li>Comunicaci\u00f3n con la Embajada para casos cr\u00edticos o urgentes.<\/li>\n<li>Capacitaciones especializadas en conjunto con la Embajada.<\/li>\n<\/ul>\n<p>Es importante destacar que ya no es posible adelantar citas directamente a trav\u00e9s de AmCham, ya que las fechas de disponibilidad est\u00e1n sujetas a los espacios habilitados por el Consulado de la Embajada de los Estados Unidos.<\/p>\n<p><strong>Make sure to comply with the new visa appointment requirements. Please consult AmCham Guatemala.<\/strong><\/p>\n<p><strong>Note: The appointment scheduled by AmCham does not guarantee the issuance of the visa, as the decision is exclusively made by the U.S. Embassy and the Consular Officer conducting the interview.<\/strong> el apoyo de AmCham no garantiza la obtenci\u00f3n de la visa, ya que esta decisi\u00f3n es exclusiva de la Embajada Americana y del Oficial Consular que realice la entrevista.<\/p>\n<p><strong>For more information:<\/strong> Juan Fernando Staackmann (<a style=\"color: #83b0e4;\" href=\"mailto:staackmann@amcham.gt\" target=\"_blank\" rel=\"noopener\">staackmann@amcham.gt<\/a>)<\/p>","protected":false},"excerpt":{"rendered":"<p>A partir de abril, debido a nuevas pol\u00edticas de seguridad y protecci\u00f3n de datos implementadas por el Consulado de la Embajada de los Estados Unidos, el servicio que brindamos desde AmCham ha evolucionado hacia una Asesor\u00eda Personalizada en la Tramitaci\u00f3n de Visas Comerciales, que incluye: Informaci\u00f3n actualizada y enlaces directos a recursos oficiales. Gu\u00eda detallada en la preparaci\u00f3n de documentos (sin llenado de formularios). Comunicaci\u00f3n con la Embajada para casos cr\u00edticos o urgentes. Capacitaciones especializadas en conjunto con la Embajada. Es importante destacar que ya no es posible adelantar citas directamente a trav\u00e9s de AmCham, ya que las fechas de disponibilidad est\u00e1n sujetas a los espacios habilitados por el Consulado de la Embajada de los Estados Unidos. Aseg\u00farate de cumplir con los nuevos requisitos de citas de visa, consulta con AmCham Guatemala. Nota: el apoyo de AmCham no garantiza la obtenci\u00f3n de la visa, ya que esta decisi\u00f3n es exclusiva de la Embajada Americana y del Oficial Consular que realice la entrevista. M\u00e1s informaci\u00f3n: Juan Fernando Staackmann (staackmann@amcham.gt)<\/p>","protected":false},"author":1,"featured_media":0,"parent":0,"menu_order":0,"comment_status":"closed","ping_status":"closed","template":"","meta":{"_acf_changed":false,"pmpro_default_level":"","footnotes":""},"class_list":["post-24515","page","type-page","status-publish","hentry","pmpro-has-access"],"acf":[],"_links":{"self":[{"href":"https:\/\/amchamguate.com\/en\/wp-json\/wp\/v2\/pages\/24515","targetHints":{"allow":["GET"]}}],"collection":[{"href":"https:\/\/amchamguate.com\/en\/wp-json\/wp\/v2\/pages"}],"about":[{"href":"https:\/\/amchamguate.com\/en\/wp-json\/wp\/v2\/types\/page"}],"author":[{"embeddable":true,"href":"https:\/\/amchamguate.com\/en\/wp-json\/wp\/v2\/users\/1"}],"replies":[{"embeddable":true,"href":"https:\/\/amchamguate.com\/en\/wp-json\/wp\/v2\/comments?post=24515"}],"version-history":[{"count":42,"href":"https:\/\/amchamguate.com\/en\/wp-json\/wp\/v2\/pages\/24515\/revisions"}],"predecessor-version":[{"id":27713,"href":"https:\/\/amchamguate.com\/en\/wp-json\/wp\/v2\/pages\/24515\/revisions\/27713"}],"wp:attachment":[{"href":"https:\/\/amchamguate.com\/en\/wp-json\/wp\/v2\/media?parent=24515"}],"curies":[{"name":"wp","href":"https:\/\/api.w.org\/{rel}","templated":true}]}}