{"id":24519,"date":"2024-05-15T19:15:08","date_gmt":"2024-05-15T17:15:08","guid":{"rendered":"https:\/\/test204.ciancoders.com\/?page_id=24519"},"modified":"2025-07-04T12:24:52","modified_gmt":"2025-07-04T18:24:52","slug":"politicas-e-informacion-publica","status":"publish","type":"page","link":"https:\/\/amchamguate.com\/en\/politicas-e-informacion-publica\/","title":{"rendered":"Legal monitoring"},"content":{"rendered":"<div data-elementor-type=\"wp-page\" data-elementor-id=\"24519\" class=\"elementor elementor-24519\" data-elementor-post-type=\"page\">\n\t\t\t\t<div class=\"elementor-element elementor-element-34edda8 e-flex e-con-boxed wpr-particle-no wpr-jarallax-no wpr-parallax-no wpr-sticky-section-no e-con e-parent\" data-id=\"34edda8\" data-element_type=\"container\" data-settings=\"{&quot;background_background&quot;:&quot;classic&quot;,&quot;ekit_has_onepagescroll_dot&quot;:&quot;yes&quot;}\">\n\t\t\t\t\t<div class=\"e-con-inner\">\n\t\t\t\t<div class=\"elementor-element elementor-element-d2544a9 elementor-widget__width-inherit elementor-widget elementor-widget-heading\" data-id=\"d2544a9\" data-element_type=\"widget\" data-settings=\"{&quot;ekit_we_effect_on&quot;:&quot;none&quot;}\" data-widget_type=\"heading.default\">\n\t\t\t\t<div class=\"elementor-widget-container\">\n\t\t\t\t\t<h1 class=\"elementor-heading-title elementor-size-default\">Legal monitoring<\/h1>\t\t\t\t<\/div>\n\t\t\t\t<\/div>\n\t\t\t\t\t<\/div>\n\t\t\t\t<\/div>\n\t\t<div class=\"elementor-element elementor-element-ca6405d e-con-full e-flex wpr-particle-no wpr-jarallax-no wpr-parallax-no wpr-sticky-section-no e-con e-parent\" data-id=\"ca6405d\" data-element_type=\"container\" data-settings=\"{&quot;ekit_has_onepagescroll_dot&quot;:&quot;yes&quot;}\">\n\t\t<div class=\"elementor-element elementor-element-7cd8a65 e-con-full e-flex wpr-particle-no wpr-jarallax-no wpr-parallax-no wpr-sticky-section-no e-con e-child\" data-id=\"7cd8a65\" data-element_type=\"container\" data-settings=\"{&quot;ekit_has_onepagescroll_dot&quot;:&quot;yes&quot;}\">\n\t\t\t\t<div class=\"elementor-element elementor-element-20ac647 elementor-widget elementor-widget-heading\" data-id=\"20ac647\" data-element_type=\"widget\" data-settings=\"{&quot;ekit_we_effect_on&quot;:&quot;none&quot;}\" data-widget_type=\"heading.default\">\n\t\t\t\t<div class=\"elementor-widget-container\">\n\t\t\t\t\t<h2 class=\"elementor-heading-title elementor-size-default\">Documentos disponibles<\/h2>\t\t\t\t<\/div>\n\t\t\t\t<\/div>\n\t\t\t\t<div class=\"elementor-element elementor-element-2b8073a elementor-widget elementor-widget-text-editor\" data-id=\"2b8073a\" data-element_type=\"widget\" data-settings=\"{&quot;ekit_we_effect_on&quot;:&quot;none&quot;}\" data-widget_type=\"text-editor.default\">\n\t\t\t\t<div class=\"elementor-widget-container\">\n\t\t\t\t\t\t\t\t\t<p>A continuaci\u00f3n, puede acceder al documento que desee leer dando clic en la tarjeta correspondiente:<\/p>\t\t\t\t\t\t\t\t<\/div>\n\t\t\t\t<\/div>\n\t\t\t\t<\/div>\n\t\t\t\t<\/div>\n\t\t<div class=\"elementor-element elementor-element-6f5c86e e-flex e-con-boxed wpr-particle-no wpr-jarallax-no wpr-parallax-no wpr-sticky-section-no e-con e-parent\" data-id=\"6f5c86e\" data-element_type=\"container\" data-settings=\"{&quot;ekit_has_onepagescroll_dot&quot;:&quot;yes&quot;}\">\n\t\t\t\t\t<div class=\"e-con-inner\">\n\t\t<div class=\"elementor-element elementor-element-4fa8e6a border-card e-flex e-con-boxed wpr-particle-no wpr-jarallax-no wpr-parallax-no wpr-sticky-section-no e-con e-child\" data-id=\"4fa8e6a\" data-element_type=\"container\" data-settings=\"{&quot;ekit_has_onepagescroll_dot&quot;:&quot;yes&quot;}\">\n\t\t\t\t\t<div class=\"e-con-inner\">\n\t\t\t\t<div class=\"elementor-element elementor-element-49fba32 elementor-widget elementor-widget-image\" data-id=\"49fba32\" data-element_type=\"widget\" data-settings=\"{&quot;ekit_we_effect_on&quot;:&quot;none&quot;}\" data-widget_type=\"image.default\">\n\t\t\t\t<div class=\"elementor-widget-container\">\n\t\t\t\t\t\t\t\t\t\t\t\t\t\t\t<img fetchpriority=\"high\" decoding=\"async\" width=\"605\" height=\"826\" src=\"https:\/\/amchamguate.com\/wp-content\/uploads\/2024\/06\/Imagen-de-WhatsApp-2024-06-25-a-las-13.55.10_4c290a8f.jpg\" class=\"attachment-large size-large wp-image-25944\" alt=\"\" srcset=\"https:\/\/amchamguate.com\/wp-content\/uploads\/2024\/06\/Imagen-de-WhatsApp-2024-06-25-a-las-13.55.10_4c290a8f.jpg 605w, https:\/\/amchamguate.com\/wp-content\/uploads\/2024\/06\/Imagen-de-WhatsApp-2024-06-25-a-las-13.55.10_4c290a8f-600x819.jpg 600w, https:\/\/amchamguate.com\/wp-content\/uploads\/2024\/06\/Imagen-de-WhatsApp-2024-06-25-a-las-13.55.10_4c290a8f-220x300.jpg 220w, https:\/\/amchamguate.com\/wp-content\/uploads\/2024\/06\/Imagen-de-WhatsApp-2024-06-25-a-las-13.55.10_4c290a8f-9x12.jpg 9w\" sizes=\"(max-width: 605px) 100vw, 605px\" \/>\t\t\t\t\t\t\t\t\t\t\t\t\t\t\t<\/div>\n\t\t\t\t<\/div>\n\t\t\t\t<div class=\"elementor-element elementor-element-817ac4b elementor-align-center elementor-widget elementor-widget-button\" data-id=\"817ac4b\" data-element_type=\"widget\" data-settings=\"{&quot;ekit_we_effect_on&quot;:&quot;none&quot;}\" data-widget_type=\"button.default\">\n\t\t\t\t<div class=\"elementor-widget-container\">\n\t\t\t\t\t\t\t\t\t<div class=\"elementor-button-wrapper\">\n\t\t\t\t\t<a class=\"elementor-button elementor-button-link elementor-size-sm\" href=\"\/wp-content\/uploads\/2024\/06\/Proteccion-de-datos-personales.pdf\" target=\"_blank\" rel=\"nofollow\">\n\t\t\t\t\t\t<span class=\"elementor-button-content-wrapper\">\n\t\t\t\t\t\t<span class=\"elementor-button-icon\">\n\t\t\t\t<i aria-hidden=\"true\" class=\"fas fa-chevron-right\"><\/i>\t\t\t<\/span>\n\t\t\t\t\t\t\t\t\t<span class=\"elementor-button-text\">Download<\/span>\n\t\t\t\t\t<\/span>\n\t\t\t\t\t<\/a>\n\t\t\t\t<\/div>\n\t\t\t\t\t\t\t\t<\/div>\n\t\t\t\t<\/div>\n\t\t\t\t\t<\/div>\n\t\t\t\t<\/div>\n\t\t<div class=\"elementor-element elementor-element-42d99c4 border-card e-con-full e-flex wpr-particle-no wpr-jarallax-no wpr-parallax-no wpr-sticky-section-no e-con e-child\" data-id=\"42d99c4\" data-element_type=\"container\" data-settings=\"{&quot;ekit_has_onepagescroll_dot&quot;:&quot;yes&quot;}\">\n\t\t\t\t<div class=\"elementor-element elementor-element-98fb7a3 elementor-widget elementor-widget-image\" data-id=\"98fb7a3\" data-element_type=\"widget\" data-settings=\"{&quot;ekit_we_effect_on&quot;:&quot;none&quot;}\" data-widget_type=\"image.default\">\n\t\t\t\t<div class=\"elementor-widget-container\">\n\t\t\t\t\t\t\t\t\t\t\t\t\t\t\t<img decoding=\"async\" width=\"698\" height=\"884\" src=\"https:\/\/amchamguate.com\/wp-content\/uploads\/2024\/06\/Imagen-de-WhatsApp-2024-06-25-a-las-13.54.08_1f475339.jpg\" class=\"attachment-large size-large wp-image-25950\" alt=\"\" srcset=\"https:\/\/amchamguate.com\/wp-content\/uploads\/2024\/06\/Imagen-de-WhatsApp-2024-06-25-a-las-13.54.08_1f475339.jpg 698w, https:\/\/amchamguate.com\/wp-content\/uploads\/2024\/06\/Imagen-de-WhatsApp-2024-06-25-a-las-13.54.08_1f475339-600x760.jpg 600w, https:\/\/amchamguate.com\/wp-content\/uploads\/2024\/06\/Imagen-de-WhatsApp-2024-06-25-a-las-13.54.08_1f475339-237x300.jpg 237w, https:\/\/amchamguate.com\/wp-content\/uploads\/2024\/06\/Imagen-de-WhatsApp-2024-06-25-a-las-13.54.08_1f475339-9x12.jpg 9w\" sizes=\"(max-width: 698px) 100vw, 698px\" \/>\t\t\t\t\t\t\t\t\t\t\t\t\t\t\t<\/div>\n\t\t\t\t<\/div>\n\t\t\t\t<div class=\"elementor-element elementor-element-15a9833 elementor-align-center elementor-widget elementor-widget-button\" data-id=\"15a9833\" data-element_type=\"widget\" data-settings=\"{&quot;ekit_we_effect_on&quot;:&quot;none&quot;}\" data-widget_type=\"button.default\">\n\t\t\t\t<div class=\"elementor-widget-container\">\n\t\t\t\t\t\t\t\t\t<div class=\"elementor-button-wrapper\">\n\t\t\t\t\t<a class=\"elementor-button elementor-button-link elementor-size-sm\" href=\"\/wp-content\/uploads\/2024\/06\/Politicas-de-seguridad-informatica.pdf\" target=\"_blank\" rel=\"nofollow\">\n\t\t\t\t\t\t<span class=\"elementor-button-content-wrapper\">\n\t\t\t\t\t\t<span class=\"elementor-button-icon\">\n\t\t\t\t<i aria-hidden=\"true\" class=\"fas fa-chevron-right\"><\/i>\t\t\t<\/span>\n\t\t\t\t\t\t\t\t\t<span class=\"elementor-button-text\">Download<\/span>\n\t\t\t\t\t<\/span>\n\t\t\t\t\t<\/a>\n\t\t\t\t<\/div>\n\t\t\t\t\t\t\t\t<\/div>\n\t\t\t\t<\/div>\n\t\t\t\t<\/div>\n\t\t\t\t\t<\/div>\n\t\t\t\t<\/div>\n\t\t\t\t<\/div>","protected":false},"excerpt":{"rendered":"<p>Pol\u00edticas e Informaci\u00f3n P\u00fablica Documentos disponibles A continuaci\u00f3n, puede acceder al documento que desee leer dando clic en la tarjeta correspondiente: Descargar Descargar<\/p>","protected":false},"author":1,"featured_media":0,"parent":0,"menu_order":0,"comment_status":"closed","ping_status":"closed","template":"","meta":{"_acf_changed":false,"pmpro_default_level":"","footnotes":""},"class_list":["post-24519","page","type-page","status-publish","hentry","pmpro-has-access"],"acf":[],"_links":{"self":[{"href":"https:\/\/amchamguate.com\/en\/wp-json\/wp\/v2\/pages\/24519","targetHints":{"allow":["GET"]}}],"collection":[{"href":"https:\/\/amchamguate.com\/en\/wp-json\/wp\/v2\/pages"}],"about":[{"href":"https:\/\/amchamguate.com\/en\/wp-json\/wp\/v2\/types\/page"}],"author":[{"embeddable":true,"href":"https:\/\/amchamguate.com\/en\/wp-json\/wp\/v2\/users\/1"}],"replies":[{"embeddable":true,"href":"https:\/\/amchamguate.com\/en\/wp-json\/wp\/v2\/comments?post=24519"}],"version-history":[{"count":25,"href":"https:\/\/amchamguate.com\/en\/wp-json\/wp\/v2\/pages\/24519\/revisions"}],"predecessor-version":[{"id":27593,"href":"https:\/\/amchamguate.com\/en\/wp-json\/wp\/v2\/pages\/24519\/revisions\/27593"}],"wp:attachment":[{"href":"https:\/\/amchamguate.com\/en\/wp-json\/wp\/v2\/media?parent=24519"}],"curies":[{"name":"wp","href":"https:\/\/api.w.org\/{rel}","templated":true}]}}