{"id":28111,"date":"2025-10-23T10:23:48","date_gmt":"2025-10-23T16:23:48","guid":{"rendered":"https:\/\/amchamguate.com\/?post_type=product&#038;p=28111"},"modified":"2025-10-23T10:23:48","modified_gmt":"2025-10-23T16:23:48","slug":"nueva-york","status":"publish","type":"product","link":"https:\/\/amchamguate.com\/en\/product\/nueva-york\/","title":{"rendered":"Nueva York"},"content":{"rendered":"<p>El estado de Nueva York es el cuatro estado m\u00e1s popular en el pa\u00eds. Se encuentra limitado con Nueva Jersey y Pennsylvania por el sur, con los lagos Erie y Ontario por el oeste, con Connecticut, Vermont, Massachusetts y el Oc\u00e9ano Atl\u00e1ntico por el este y con Canad\u00e1 por el norte.<\/p>","protected":false},"excerpt":{"rendered":"<p>El estado de Nueva York es el cuatro estado m\u00e1s popular en el pa\u00eds. Se encuentra limitado con Nueva Jersey y Pennsylvania por el sur, con los lagos Erie y Ontario por el oeste, con Connecticut, Vermont, Massachusetts y el Oc\u00e9ano Atl\u00e1ntico por el este y con Canad\u00e1 por el norte.<\/p>","protected":false},"featured_media":25337,"template":"","meta":{"_acf_changed":false,"pmpro_default_level":""},"product_brand":[],"product_cat":[83],"product_tag":[],"class_list":{"0":"post-28111","1":"product","2":"type-product","3":"status-publish","4":"has-post-thumbnail","6":"product_cat-perfiles-de-estado","7":"pmpro-has-access","9":"first","10":"instock","11":"downloadable","12":"virtual","13":"purchasable","14":"product-type-simple"},"acf":[],"_links":{"self":[{"href":"https:\/\/amchamguate.com\/en\/wp-json\/wp\/v2\/product\/28111","targetHints":{"allow":["GET"]}}],"collection":[{"href":"https:\/\/amchamguate.com\/en\/wp-json\/wp\/v2\/product"}],"about":[{"href":"https:\/\/amchamguate.com\/en\/wp-json\/wp\/v2\/types\/product"}],"version-history":[{"count":2,"href":"https:\/\/amchamguate.com\/en\/wp-json\/wp\/v2\/product\/28111\/revisions"}],"predecessor-version":[{"id":28113,"href":"https:\/\/amchamguate.com\/en\/wp-json\/wp\/v2\/product\/28111\/revisions\/28113"}],"wp:featuredmedia":[{"embeddable":true,"href":"https:\/\/amchamguate.com\/en\/wp-json\/wp\/v2\/media\/25337"}],"wp:attachment":[{"href":"https:\/\/amchamguate.com\/en\/wp-json\/wp\/v2\/media?parent=28111"}],"wp:term":[{"taxonomy":"product_brand","embeddable":true,"href":"https:\/\/amchamguate.com\/en\/wp-json\/wp\/v2\/product_brand?post=28111"},{"taxonomy":"product_cat","embeddable":true,"href":"https:\/\/amchamguate.com\/en\/wp-json\/wp\/v2\/product_cat?post=28111"},{"taxonomy":"product_tag","embeddable":true,"href":"https:\/\/amchamguate.com\/en\/wp-json\/wp\/v2\/product_tag?post=28111"}],"curies":[{"name":"wp","href":"https:\/\/api.w.org\/{rel}","templated":true}]}}