{"id":28118,"date":"2025-10-23T10:36:48","date_gmt":"2025-10-23T16:36:48","guid":{"rendered":"https:\/\/amchamguate.com\/?post_type=product&#038;p=28118"},"modified":"2025-10-23T10:36:48","modified_gmt":"2025-10-23T16:36:48","slug":"florida","status":"publish","type":"product","link":"https:\/\/amchamguate.com\/en\/product\/florida\/","title":{"rendered":"Florida"},"content":{"rendered":"<p>El estado de Florida, mejor conocida como \u201cSunshine State\u201d, se sit\u00faa en el Sur de los Estados Unidos, limit\u00e1ndose con el Golfo de M\u00e9xico al oeste, con el Oc\u00e9ano Atl\u00e1ntico al este, y al norte<br \/>\nde los estados de Georgia y Alabama. Se caracteriza por ser un estado altamente tur\u00edstico con atracciones de suma importancia para el pa\u00eds como sus playas situadas alrededor de la Pen\u00ednsula y los parques tem\u00e1ticos, como por ejemplo Universal Studios y Walt Disney<\/p>","protected":false},"excerpt":{"rendered":"<p>El estado de Florida, mejor conocida como \u201cSunshine State\u201d, se sit\u00faa en el Sur de los Estados Unidos, limit\u00e1ndose con el Golfo de M\u00e9xico al oeste, con el Oc\u00e9ano Atl\u00e1ntico al este, y al norte<br \/>\nde los estados de Georgia y Alabama. Se caracteriza por ser un estado altamente tur\u00edstico con atracciones de suma importancia para el pa\u00eds como sus playas situadas alrededor de la Pen\u00ednsula y los parques tem\u00e1ticos, como por ejemplo Universal Studios y Walt Disney<\/p>","protected":false},"featured_media":25305,"template":"","meta":{"_acf_changed":false,"pmpro_default_level":""},"product_brand":[],"product_cat":[83],"product_tag":[],"class_list":{"0":"post-28118","1":"product","2":"type-product","3":"status-publish","4":"has-post-thumbnail","6":"product_cat-perfiles-de-estado","7":"pmpro-has-access","9":"first","10":"instock","11":"downloadable","12":"virtual","13":"purchasable","14":"product-type-simple"},"acf":[],"_links":{"self":[{"href":"https:\/\/amchamguate.com\/en\/wp-json\/wp\/v2\/product\/28118","targetHints":{"allow":["GET"]}}],"collection":[{"href":"https:\/\/amchamguate.com\/en\/wp-json\/wp\/v2\/product"}],"about":[{"href":"https:\/\/amchamguate.com\/en\/wp-json\/wp\/v2\/types\/product"}],"version-history":[{"count":1,"href":"https:\/\/amchamguate.com\/en\/wp-json\/wp\/v2\/product\/28118\/revisions"}],"predecessor-version":[{"id":28119,"href":"https:\/\/amchamguate.com\/en\/wp-json\/wp\/v2\/product\/28118\/revisions\/28119"}],"wp:featuredmedia":[{"embeddable":true,"href":"https:\/\/amchamguate.com\/en\/wp-json\/wp\/v2\/media\/25305"}],"wp:attachment":[{"href":"https:\/\/amchamguate.com\/en\/wp-json\/wp\/v2\/media?parent=28118"}],"wp:term":[{"taxonomy":"product_brand","embeddable":true,"href":"https:\/\/amchamguate.com\/en\/wp-json\/wp\/v2\/product_brand?post=28118"},{"taxonomy":"product_cat","embeddable":true,"href":"https:\/\/amchamguate.com\/en\/wp-json\/wp\/v2\/product_cat?post=28118"},{"taxonomy":"product_tag","embeddable":true,"href":"https:\/\/amchamguate.com\/en\/wp-json\/wp\/v2\/product_tag?post=28118"}],"curies":[{"name":"wp","href":"https:\/\/api.w.org\/{rel}","templated":true}]}}