{"id":28122,"date":"2025-10-23T10:40:18","date_gmt":"2025-10-23T16:40:18","guid":{"rendered":"https:\/\/amchamguate.com\/?post_type=product&#038;p=28122"},"modified":"2025-10-23T10:40:19","modified_gmt":"2025-10-23T16:40:19","slug":"carolina-del-norte","status":"publish","type":"product","link":"https:\/\/amchamguate.com\/en\/product\/carolina-del-norte\/","title":{"rendered":"Carolina del Norte"},"content":{"rendered":"<p>El estado de Carolina del Norte se encuentra ubicado en la regi\u00f3n Sur y limita al oeste con Tennessee, al sur con Carolina del Sur, al suroeste con Georgia, al norte con Virginia y al este con el Oc\u00e9ano Atl\u00e1ntico. Ha desarrollado una econom\u00eda basada en el sector de agricultura y manufactura textil y de madera, ocupa el puesto n\u00famero 37 entre los estados del pa\u00eds por su renta per c\u00e1pita pero ha sido afectada por la deslocalizaci\u00f3n y el reciente crecimiento y desarrollo de pa\u00edses como China en la industria y sector manufacturera<\/p>","protected":false},"excerpt":{"rendered":"<p>El estado de Carolina del Norte se encuentra ubicado en la regi\u00f3n Sur y limita al oeste con Tennessee, al sur con Carolina del Sur, al suroeste con Georgia, al norte con Virginia y al este con el Oc\u00e9ano Atl\u00e1ntico. Ha desarrollado una econom\u00eda basada en el sector de agricultura y manufactura textil y de madera, ocupa el puesto n\u00famero 37 entre los estados del pa\u00eds por su renta per c\u00e1pita pero ha sido afectada por la deslocalizaci\u00f3n y el reciente crecimiento y desarrollo de pa\u00edses como China en la industria y sector manufacturera<\/p>","protected":false},"featured_media":25309,"template":"","meta":{"_acf_changed":false,"pmpro_default_level":""},"product_brand":[],"product_cat":[83],"product_tag":[],"class_list":{"0":"post-28122","1":"product","2":"type-product","3":"status-publish","4":"has-post-thumbnail","6":"product_cat-perfiles-de-estado","7":"pmpro-has-access","9":"first","10":"instock","11":"downloadable","12":"virtual","13":"purchasable","14":"product-type-simple"},"acf":[],"_links":{"self":[{"href":"https:\/\/amchamguate.com\/en\/wp-json\/wp\/v2\/product\/28122","targetHints":{"allow":["GET"]}}],"collection":[{"href":"https:\/\/amchamguate.com\/en\/wp-json\/wp\/v2\/product"}],"about":[{"href":"https:\/\/amchamguate.com\/en\/wp-json\/wp\/v2\/types\/product"}],"version-history":[{"count":2,"href":"https:\/\/amchamguate.com\/en\/wp-json\/wp\/v2\/product\/28122\/revisions"}],"predecessor-version":[{"id":28124,"href":"https:\/\/amchamguate.com\/en\/wp-json\/wp\/v2\/product\/28122\/revisions\/28124"}],"wp:featuredmedia":[{"embeddable":true,"href":"https:\/\/amchamguate.com\/en\/wp-json\/wp\/v2\/media\/25309"}],"wp:attachment":[{"href":"https:\/\/amchamguate.com\/en\/wp-json\/wp\/v2\/media?parent=28122"}],"wp:term":[{"taxonomy":"product_brand","embeddable":true,"href":"https:\/\/amchamguate.com\/en\/wp-json\/wp\/v2\/product_brand?post=28122"},{"taxonomy":"product_cat","embeddable":true,"href":"https:\/\/amchamguate.com\/en\/wp-json\/wp\/v2\/product_cat?post=28122"},{"taxonomy":"product_tag","embeddable":true,"href":"https:\/\/amchamguate.com\/en\/wp-json\/wp\/v2\/product_tag?post=28122"}],"curies":[{"name":"wp","href":"https:\/\/api.w.org\/{rel}","templated":true}]}}